{"id":9551,"date":"2020-05-14T08:14:59","date_gmt":"2020-05-14T07:14:59","guid":{"rendered":"https:\/\/careers.awl.nl\/vacancies-2\/"},"modified":"2023-12-15T10:30:23","modified_gmt":"2023-12-15T09:30:23","slug":"vacantes","status":"publish","type":"page","link":"https:\/\/careers.awl.nl\/es\/vacantes\/","title":{"rendered":"Vacantes"},"content":{"rendered":"","protected":false},"excerpt":{"rendered":"","protected":false},"author":1,"featured_media":12278,"parent":0,"menu_order":0,"comment_status":"closed","ping_status":"closed","template":"","meta":{"footnotes":""},"class_list":["post-9551","page","type-page","status-publish","has-post-thumbnail","hentry"],"acf":[],"yoast_head":"<!-- This site is optimized with the Yoast SEO plugin v27.0 - https:\/\/yoast.com\/product\/yoast-seo-wordpress\/ -->\n<title>Vacantes - AWL<\/title>\n<meta name=\"robots\" content=\"index, follow, max-snippet:-1, max-image-preview:large, max-video-preview:-1\" \/>\n<link rel=\"canonical\" href=\"https:\/\/careers.awl.nl\/es\/vacantes\/\" \/>\n<meta property=\"og:locale\" content=\"es_ES\" \/>\n<meta property=\"og:type\" content=\"article\" \/>\n<meta property=\"og:title\" content=\"Vacantes - AWL\" \/>\n<meta property=\"og:url\" content=\"https:\/\/careers.awl.nl\/es\/vacantes\/\" \/>\n<meta property=\"og:site_name\" content=\"AWL\" \/>\n<meta property=\"article:modified_time\" content=\"2023-12-15T09:30:23+00:00\" \/>\n<meta property=\"og:image\" content=\"https:\/\/careers.awl.nl\/wp-content\/uploads\/2023\/12\/24691-small-scaled.jpg\" \/>\n\t<meta property=\"og:image:width\" content=\"1920\" \/>\n\t<meta property=\"og:image:height\" content=\"1280\" \/>\n\t<meta property=\"og:image:type\" content=\"image\/jpeg\" \/>\n<meta name=\"twitter:card\" content=\"summary_large_image\" \/>\n<script type=\"application\/ld+json\" class=\"yoast-schema-graph\">{\"@context\":\"https:\/\/schema.org\",\"@graph\":[{\"@type\":\"WebPage\",\"@id\":\"https:\/\/careers.awl.nl\/es\/vacantes\/\",\"url\":\"https:\/\/careers.awl.nl\/es\/vacantes\/\",\"name\":\"Vacantes - AWL\",\"isPartOf\":{\"@id\":\"https:\/\/careers.awl.nl\/#website\"},\"primaryImageOfPage\":{\"@id\":\"https:\/\/careers.awl.nl\/es\/vacantes\/#primaryimage\"},\"image\":{\"@id\":\"https:\/\/careers.awl.nl\/es\/vacantes\/#primaryimage\"},\"thumbnailUrl\":\"https:\/\/careers.awl.nl\/wp-content\/uploads\/2023\/12\/24691-small-scaled.jpg\",\"datePublished\":\"2020-05-14T07:14:59+00:00\",\"dateModified\":\"2023-12-15T09:30:23+00:00\",\"breadcrumb\":{\"@id\":\"https:\/\/careers.awl.nl\/es\/vacantes\/#breadcrumb\"},\"inLanguage\":\"es\",\"potentialAction\":[{\"@type\":\"ReadAction\",\"target\":[\"https:\/\/careers.awl.nl\/es\/vacantes\/\"]}]},{\"@type\":\"ImageObject\",\"inLanguage\":\"es\",\"@id\":\"https:\/\/careers.awl.nl\/es\/vacantes\/#primaryimage\",\"url\":\"https:\/\/careers.awl.nl\/wp-content\/uploads\/2023\/12\/24691-small-scaled.jpg\",\"contentUrl\":\"https:\/\/careers.awl.nl\/wp-content\/uploads\/2023\/12\/24691-small-scaled.jpg\",\"width\":1920,\"height\":1280},{\"@type\":\"BreadcrumbList\",\"@id\":\"https:\/\/careers.awl.nl\/es\/vacantes\/#breadcrumb\",\"itemListElement\":[{\"@type\":\"ListItem\",\"position\":1,\"name\":\"Home\",\"item\":\"https:\/\/careers.awl.nl\/es\/\"},{\"@type\":\"ListItem\",\"position\":2,\"name\":\"Vacantes\"}]},{\"@type\":\"WebSite\",\"@id\":\"https:\/\/careers.awl.nl\/#website\",\"url\":\"https:\/\/careers.awl.nl\/\",\"name\":\"AWL\",\"description\":\"soluciones confiables en el campo de la automatizaci\u00f3n de alta gama, la robotizaci\u00f3n y la tecnolog\u00eda conectada\",\"potentialAction\":[{\"@type\":\"SearchAction\",\"target\":{\"@type\":\"EntryPoint\",\"urlTemplate\":\"https:\/\/careers.awl.nl\/?s={search_term_string}\"},\"query-input\":{\"@type\":\"PropertyValueSpecification\",\"valueRequired\":true,\"valueName\":\"search_term_string\"}}],\"inLanguage\":\"es\"}]}<\/script>\n<!-- \/ Yoast SEO plugin. -->","yoast_head_json":{"title":"Vacantes - AWL","robots":{"index":"index","follow":"follow","max-snippet":"max-snippet:-1","max-image-preview":"max-image-preview:large","max-video-preview":"max-video-preview:-1"},"canonical":"https:\/\/careers.awl.nl\/es\/vacantes\/","og_locale":"es_ES","og_type":"article","og_title":"Vacantes - AWL","og_url":"https:\/\/careers.awl.nl\/es\/vacantes\/","og_site_name":"AWL","article_modified_time":"2023-12-15T09:30:23+00:00","og_image":[{"width":1920,"height":1280,"url":"https:\/\/careers.awl.nl\/wp-content\/uploads\/2023\/12\/24691-small-scaled.jpg","type":"image\/jpeg"}],"twitter_card":"summary_large_image","schema":{"@context":"https:\/\/schema.org","@graph":[{"@type":"WebPage","@id":"https:\/\/careers.awl.nl\/es\/vacantes\/","url":"https:\/\/careers.awl.nl\/es\/vacantes\/","name":"Vacantes - AWL","isPartOf":{"@id":"https:\/\/careers.awl.nl\/#website"},"primaryImageOfPage":{"@id":"https:\/\/careers.awl.nl\/es\/vacantes\/#primaryimage"},"image":{"@id":"https:\/\/careers.awl.nl\/es\/vacantes\/#primaryimage"},"thumbnailUrl":"https:\/\/careers.awl.nl\/wp-content\/uploads\/2023\/12\/24691-small-scaled.jpg","datePublished":"2020-05-14T07:14:59+00:00","dateModified":"2023-12-15T09:30:23+00:00","breadcrumb":{"@id":"https:\/\/careers.awl.nl\/es\/vacantes\/#breadcrumb"},"inLanguage":"es","potentialAction":[{"@type":"ReadAction","target":["https:\/\/careers.awl.nl\/es\/vacantes\/"]}]},{"@type":"ImageObject","inLanguage":"es","@id":"https:\/\/careers.awl.nl\/es\/vacantes\/#primaryimage","url":"https:\/\/careers.awl.nl\/wp-content\/uploads\/2023\/12\/24691-small-scaled.jpg","contentUrl":"https:\/\/careers.awl.nl\/wp-content\/uploads\/2023\/12\/24691-small-scaled.jpg","width":1920,"height":1280},{"@type":"BreadcrumbList","@id":"https:\/\/careers.awl.nl\/es\/vacantes\/#breadcrumb","itemListElement":[{"@type":"ListItem","position":1,"name":"Home","item":"https:\/\/careers.awl.nl\/es\/"},{"@type":"ListItem","position":2,"name":"Vacantes"}]},{"@type":"WebSite","@id":"https:\/\/careers.awl.nl\/#website","url":"https:\/\/careers.awl.nl\/","name":"AWL","description":"soluciones confiables en el campo de la automatizaci\u00f3n de alta gama, la robotizaci\u00f3n y la tecnolog\u00eda conectada","potentialAction":[{"@type":"SearchAction","target":{"@type":"EntryPoint","urlTemplate":"https:\/\/careers.awl.nl\/?s={search_term_string}"},"query-input":{"@type":"PropertyValueSpecification","valueRequired":true,"valueName":"search_term_string"}}],"inLanguage":"es"}]}},"_links":{"self":[{"href":"https:\/\/careers.awl.nl\/es\/wp-json\/wp\/v2\/pages\/9551","targetHints":{"allow":["GET"]}}],"collection":[{"href":"https:\/\/careers.awl.nl\/es\/wp-json\/wp\/v2\/pages"}],"about":[{"href":"https:\/\/careers.awl.nl\/es\/wp-json\/wp\/v2\/types\/page"}],"author":[{"embeddable":true,"href":"https:\/\/careers.awl.nl\/es\/wp-json\/wp\/v2\/users\/1"}],"replies":[{"embeddable":true,"href":"https:\/\/careers.awl.nl\/es\/wp-json\/wp\/v2\/comments?post=9551"}],"version-history":[{"count":3,"href":"https:\/\/careers.awl.nl\/es\/wp-json\/wp\/v2\/pages\/9551\/revisions"}],"predecessor-version":[{"id":12282,"href":"https:\/\/careers.awl.nl\/es\/wp-json\/wp\/v2\/pages\/9551\/revisions\/12282"}],"wp:featuredmedia":[{"embeddable":true,"href":"https:\/\/careers.awl.nl\/es\/wp-json\/wp\/v2\/media\/12278"}],"wp:attachment":[{"href":"https:\/\/careers.awl.nl\/es\/wp-json\/wp\/v2\/media?parent=9551"}],"curies":[{"name":"wp","href":"https:\/\/api.w.org\/{rel}","templated":true}]}}