{"id":9403,"date":"2020-10-13T09:50:22","date_gmt":"2020-10-13T08:50:22","guid":{"rendered":"https:\/\/careers.awl.nl\/?page_id=9403"},"modified":"2023-12-27T10:47:22","modified_gmt":"2023-12-27T09:47:22","slug":"acerca-de-awl","status":"publish","type":"page","link":"https:\/\/careers.awl.nl\/es\/acerca-de-awl\/","title":{"rendered":"Acerca de AWL"},"content":{"rendered":"","protected":false},"excerpt":{"rendered":"","protected":false},"author":1,"featured_media":12379,"parent":0,"menu_order":0,"comment_status":"closed","ping_status":"closed","template":"","meta":{"footnotes":""},"class_list":["post-9403","page","type-page","status-publish","has-post-thumbnail","hentry"],"acf":[],"yoast_head":"<!-- This site is optimized with the Yoast SEO plugin v27.0 - https:\/\/yoast.com\/product\/yoast-seo-wordpress\/ -->\n<title>Acerca de AWL - AWL<\/title>\n<meta name=\"robots\" content=\"index, follow, max-snippet:-1, max-image-preview:large, max-video-preview:-1\" \/>\n<link rel=\"canonical\" href=\"https:\/\/careers.awl.nl\/es\/acerca-de-awl\/\" \/>\n<meta property=\"og:locale\" content=\"es_ES\" \/>\n<meta property=\"og:type\" content=\"article\" \/>\n<meta property=\"og:title\" content=\"Acerca de AWL - AWL\" \/>\n<meta property=\"og:url\" content=\"https:\/\/careers.awl.nl\/es\/acerca-de-awl\/\" \/>\n<meta property=\"og:site_name\" content=\"AWL\" \/>\n<meta property=\"article:modified_time\" content=\"2023-12-27T09:47:22+00:00\" \/>\n<meta property=\"og:image\" content=\"https:\/\/careers.awl.nl\/wp-content\/uploads\/2023\/12\/24275-6-small.jpg\" \/>\n\t<meta property=\"og:image:width\" content=\"1920\" \/>\n\t<meta property=\"og:image:height\" content=\"1280\" \/>\n\t<meta property=\"og:image:type\" content=\"image\/jpeg\" \/>\n<meta name=\"twitter:card\" content=\"summary_large_image\" \/>\n<script type=\"application\/ld+json\" class=\"yoast-schema-graph\">{\"@context\":\"https:\/\/schema.org\",\"@graph\":[{\"@type\":\"WebPage\",\"@id\":\"https:\/\/careers.awl.nl\/es\/acerca-de-awl\/\",\"url\":\"https:\/\/careers.awl.nl\/es\/acerca-de-awl\/\",\"name\":\"Acerca de AWL - AWL\",\"isPartOf\":{\"@id\":\"https:\/\/careers.awl.nl\/#website\"},\"primaryImageOfPage\":{\"@id\":\"https:\/\/careers.awl.nl\/es\/acerca-de-awl\/#primaryimage\"},\"image\":{\"@id\":\"https:\/\/careers.awl.nl\/es\/acerca-de-awl\/#primaryimage\"},\"thumbnailUrl\":\"https:\/\/careers.awl.nl\/wp-content\/uploads\/2023\/12\/24275-6-small.jpg\",\"datePublished\":\"2020-10-13T08:50:22+00:00\",\"dateModified\":\"2023-12-27T09:47:22+00:00\",\"breadcrumb\":{\"@id\":\"https:\/\/careers.awl.nl\/es\/acerca-de-awl\/#breadcrumb\"},\"inLanguage\":\"es\",\"potentialAction\":[{\"@type\":\"ReadAction\",\"target\":[\"https:\/\/careers.awl.nl\/es\/acerca-de-awl\/\"]}]},{\"@type\":\"ImageObject\",\"inLanguage\":\"es\",\"@id\":\"https:\/\/careers.awl.nl\/es\/acerca-de-awl\/#primaryimage\",\"url\":\"https:\/\/careers.awl.nl\/wp-content\/uploads\/2023\/12\/24275-6-small.jpg\",\"contentUrl\":\"https:\/\/careers.awl.nl\/wp-content\/uploads\/2023\/12\/24275-6-small.jpg\",\"width\":1920,\"height\":1280},{\"@type\":\"BreadcrumbList\",\"@id\":\"https:\/\/careers.awl.nl\/es\/acerca-de-awl\/#breadcrumb\",\"itemListElement\":[{\"@type\":\"ListItem\",\"position\":1,\"name\":\"Home\",\"item\":\"https:\/\/careers.awl.nl\/es\/\"},{\"@type\":\"ListItem\",\"position\":2,\"name\":\"Acerca de AWL\"}]},{\"@type\":\"WebSite\",\"@id\":\"https:\/\/careers.awl.nl\/#website\",\"url\":\"https:\/\/careers.awl.nl\/\",\"name\":\"AWL\",\"description\":\"soluciones confiables en el campo de la automatizaci\u00f3n de alta gama, la robotizaci\u00f3n y la tecnolog\u00eda conectada\",\"potentialAction\":[{\"@type\":\"SearchAction\",\"target\":{\"@type\":\"EntryPoint\",\"urlTemplate\":\"https:\/\/careers.awl.nl\/?s={search_term_string}\"},\"query-input\":{\"@type\":\"PropertyValueSpecification\",\"valueRequired\":true,\"valueName\":\"search_term_string\"}}],\"inLanguage\":\"es\"}]}<\/script>\n<!-- \/ Yoast SEO plugin. -->","yoast_head_json":{"title":"Acerca de AWL - AWL","robots":{"index":"index","follow":"follow","max-snippet":"max-snippet:-1","max-image-preview":"max-image-preview:large","max-video-preview":"max-video-preview:-1"},"canonical":"https:\/\/careers.awl.nl\/es\/acerca-de-awl\/","og_locale":"es_ES","og_type":"article","og_title":"Acerca de AWL - AWL","og_url":"https:\/\/careers.awl.nl\/es\/acerca-de-awl\/","og_site_name":"AWL","article_modified_time":"2023-12-27T09:47:22+00:00","og_image":[{"width":1920,"height":1280,"url":"https:\/\/careers.awl.nl\/wp-content\/uploads\/2023\/12\/24275-6-small.jpg","type":"image\/jpeg"}],"twitter_card":"summary_large_image","schema":{"@context":"https:\/\/schema.org","@graph":[{"@type":"WebPage","@id":"https:\/\/careers.awl.nl\/es\/acerca-de-awl\/","url":"https:\/\/careers.awl.nl\/es\/acerca-de-awl\/","name":"Acerca de AWL - AWL","isPartOf":{"@id":"https:\/\/careers.awl.nl\/#website"},"primaryImageOfPage":{"@id":"https:\/\/careers.awl.nl\/es\/acerca-de-awl\/#primaryimage"},"image":{"@id":"https:\/\/careers.awl.nl\/es\/acerca-de-awl\/#primaryimage"},"thumbnailUrl":"https:\/\/careers.awl.nl\/wp-content\/uploads\/2023\/12\/24275-6-small.jpg","datePublished":"2020-10-13T08:50:22+00:00","dateModified":"2023-12-27T09:47:22+00:00","breadcrumb":{"@id":"https:\/\/careers.awl.nl\/es\/acerca-de-awl\/#breadcrumb"},"inLanguage":"es","potentialAction":[{"@type":"ReadAction","target":["https:\/\/careers.awl.nl\/es\/acerca-de-awl\/"]}]},{"@type":"ImageObject","inLanguage":"es","@id":"https:\/\/careers.awl.nl\/es\/acerca-de-awl\/#primaryimage","url":"https:\/\/careers.awl.nl\/wp-content\/uploads\/2023\/12\/24275-6-small.jpg","contentUrl":"https:\/\/careers.awl.nl\/wp-content\/uploads\/2023\/12\/24275-6-small.jpg","width":1920,"height":1280},{"@type":"BreadcrumbList","@id":"https:\/\/careers.awl.nl\/es\/acerca-de-awl\/#breadcrumb","itemListElement":[{"@type":"ListItem","position":1,"name":"Home","item":"https:\/\/careers.awl.nl\/es\/"},{"@type":"ListItem","position":2,"name":"Acerca de AWL"}]},{"@type":"WebSite","@id":"https:\/\/careers.awl.nl\/#website","url":"https:\/\/careers.awl.nl\/","name":"AWL","description":"soluciones confiables en el campo de la automatizaci\u00f3n de alta gama, la robotizaci\u00f3n y la tecnolog\u00eda conectada","potentialAction":[{"@type":"SearchAction","target":{"@type":"EntryPoint","urlTemplate":"https:\/\/careers.awl.nl\/?s={search_term_string}"},"query-input":{"@type":"PropertyValueSpecification","valueRequired":true,"valueName":"search_term_string"}}],"inLanguage":"es"}]}},"_links":{"self":[{"href":"https:\/\/careers.awl.nl\/es\/wp-json\/wp\/v2\/pages\/9403","targetHints":{"allow":["GET"]}}],"collection":[{"href":"https:\/\/careers.awl.nl\/es\/wp-json\/wp\/v2\/pages"}],"about":[{"href":"https:\/\/careers.awl.nl\/es\/wp-json\/wp\/v2\/types\/page"}],"author":[{"embeddable":true,"href":"https:\/\/careers.awl.nl\/es\/wp-json\/wp\/v2\/users\/1"}],"replies":[{"embeddable":true,"href":"https:\/\/careers.awl.nl\/es\/wp-json\/wp\/v2\/comments?post=9403"}],"version-history":[{"count":2,"href":"https:\/\/careers.awl.nl\/es\/wp-json\/wp\/v2\/pages\/9403\/revisions"}],"predecessor-version":[{"id":12358,"href":"https:\/\/careers.awl.nl\/es\/wp-json\/wp\/v2\/pages\/9403\/revisions\/12358"}],"wp:featuredmedia":[{"embeddable":true,"href":"https:\/\/careers.awl.nl\/es\/wp-json\/wp\/v2\/media\/12379"}],"wp:attachment":[{"href":"https:\/\/careers.awl.nl\/es\/wp-json\/wp\/v2\/media?parent=9403"}],"curies":[{"name":"wp","href":"https:\/\/api.w.org\/{rel}","templated":true}]}}