{"id":9284,"date":"2020-05-20T07:59:40","date_gmt":"2020-05-20T06:59:40","guid":{"rendered":"https:\/\/careers.awl.nl\/craftman\/"},"modified":"2021-02-16T17:46:40","modified_gmt":"2021-02-16T16:46:40","slug":"craftman","status":"publish","type":"page","link":"https:\/\/careers.awl.nl\/es\/craftman\/","title":{"rendered":"Professional"},"content":{"rendered":"","protected":false},"excerpt":{"rendered":"","protected":false},"author":1,"featured_media":0,"parent":0,"menu_order":0,"comment_status":"closed","ping_status":"closed","template":"","meta":{"footnotes":""},"class_list":["post-9284","page","type-page","status-publish","hentry"],"acf":[],"yoast_head":"<!-- This site is optimized with the Yoast SEO plugin v27.5 - https:\/\/yoast.com\/product\/yoast-seo-wordpress\/ -->\n<title>Professional - AWL<\/title>\n<meta name=\"robots\" content=\"index, follow, max-snippet:-1, max-image-preview:large, max-video-preview:-1\" \/>\n<link rel=\"canonical\" href=\"https:\/\/careers.awl.nl\/professional\/\" \/>\n<meta property=\"og:locale\" content=\"es_ES\" \/>\n<meta property=\"og:type\" content=\"article\" \/>\n<meta property=\"og:title\" content=\"Professional - AWL\" \/>\n<meta property=\"og:url\" content=\"https:\/\/careers.awl.nl\/professional\/\" \/>\n<meta property=\"og:site_name\" content=\"AWL\" \/>\n<meta property=\"article:modified_time\" content=\"2021-02-16T16:46:40+00:00\" \/>\n<meta name=\"twitter:card\" content=\"summary_large_image\" \/>\n<script type=\"application\/ld+json\" class=\"yoast-schema-graph\">{\"@context\":\"https:\\\/\\\/schema.org\",\"@graph\":[{\"@type\":\"WebPage\",\"@id\":\"https:\\\/\\\/careers.awl.nl\\\/professional\\\/\",\"url\":\"https:\\\/\\\/careers.awl.nl\\\/professional\\\/\",\"name\":\"Professional - AWL\",\"isPartOf\":{\"@id\":\"https:\\\/\\\/careers.awl.nl\\\/#website\"},\"datePublished\":\"2020-05-20T06:59:40+00:00\",\"dateModified\":\"2021-02-16T16:46:40+00:00\",\"breadcrumb\":{\"@id\":\"https:\\\/\\\/careers.awl.nl\\\/professional\\\/#breadcrumb\"},\"inLanguage\":\"es\",\"potentialAction\":[{\"@type\":\"ReadAction\",\"target\":[\"https:\\\/\\\/careers.awl.nl\\\/professional\\\/\"]}]},{\"@type\":\"BreadcrumbList\",\"@id\":\"https:\\\/\\\/careers.awl.nl\\\/professional\\\/#breadcrumb\",\"itemListElement\":[{\"@type\":\"ListItem\",\"position\":1,\"name\":\"Home\",\"item\":\"https:\\\/\\\/careers.awl.nl\\\/es\\\/\"},{\"@type\":\"ListItem\",\"position\":2,\"name\":\"Professional\"}]},{\"@type\":\"WebSite\",\"@id\":\"https:\\\/\\\/careers.awl.nl\\\/#website\",\"url\":\"https:\\\/\\\/careers.awl.nl\\\/\",\"name\":\"AWL\",\"description\":\"soluciones confiables en el campo de la automatizaci\u00f3n de alta gama, la robotizaci\u00f3n y la tecnolog\u00eda conectada\",\"potentialAction\":[{\"@type\":\"SearchAction\",\"target\":{\"@type\":\"EntryPoint\",\"urlTemplate\":\"https:\\\/\\\/careers.awl.nl\\\/?s={search_term_string}\"},\"query-input\":{\"@type\":\"PropertyValueSpecification\",\"valueRequired\":true,\"valueName\":\"search_term_string\"}}],\"inLanguage\":\"es\"}]}<\/script>\n<!-- \/ Yoast SEO plugin. -->","yoast_head_json":{"title":"Professional - AWL","robots":{"index":"index","follow":"follow","max-snippet":"max-snippet:-1","max-image-preview":"max-image-preview:large","max-video-preview":"max-video-preview:-1"},"canonical":"https:\/\/careers.awl.nl\/professional\/","og_locale":"es_ES","og_type":"article","og_title":"Professional - AWL","og_url":"https:\/\/careers.awl.nl\/professional\/","og_site_name":"AWL","article_modified_time":"2021-02-16T16:46:40+00:00","twitter_card":"summary_large_image","schema":{"@context":"https:\/\/schema.org","@graph":[{"@type":"WebPage","@id":"https:\/\/careers.awl.nl\/professional\/","url":"https:\/\/careers.awl.nl\/professional\/","name":"Professional - AWL","isPartOf":{"@id":"https:\/\/careers.awl.nl\/#website"},"datePublished":"2020-05-20T06:59:40+00:00","dateModified":"2021-02-16T16:46:40+00:00","breadcrumb":{"@id":"https:\/\/careers.awl.nl\/professional\/#breadcrumb"},"inLanguage":"es","potentialAction":[{"@type":"ReadAction","target":["https:\/\/careers.awl.nl\/professional\/"]}]},{"@type":"BreadcrumbList","@id":"https:\/\/careers.awl.nl\/professional\/#breadcrumb","itemListElement":[{"@type":"ListItem","position":1,"name":"Home","item":"https:\/\/careers.awl.nl\/es\/"},{"@type":"ListItem","position":2,"name":"Professional"}]},{"@type":"WebSite","@id":"https:\/\/careers.awl.nl\/#website","url":"https:\/\/careers.awl.nl\/","name":"AWL","description":"soluciones confiables en el campo de la automatizaci\u00f3n de alta gama, la robotizaci\u00f3n y la tecnolog\u00eda conectada","potentialAction":[{"@type":"SearchAction","target":{"@type":"EntryPoint","urlTemplate":"https:\/\/careers.awl.nl\/?s={search_term_string}"},"query-input":{"@type":"PropertyValueSpecification","valueRequired":true,"valueName":"search_term_string"}}],"inLanguage":"es"}]}},"_links":{"self":[{"href":"https:\/\/careers.awl.nl\/es\/wp-json\/wp\/v2\/pages\/9284","targetHints":{"allow":["GET"]}}],"collection":[{"href":"https:\/\/careers.awl.nl\/es\/wp-json\/wp\/v2\/pages"}],"about":[{"href":"https:\/\/careers.awl.nl\/es\/wp-json\/wp\/v2\/types\/page"}],"author":[{"embeddable":true,"href":"https:\/\/careers.awl.nl\/es\/wp-json\/wp\/v2\/users\/1"}],"replies":[{"embeddable":true,"href":"https:\/\/careers.awl.nl\/es\/wp-json\/wp\/v2\/comments?post=9284"}],"version-history":[{"count":2,"href":"https:\/\/careers.awl.nl\/es\/wp-json\/wp\/v2\/pages\/9284\/revisions"}],"predecessor-version":[{"id":10075,"href":"https:\/\/careers.awl.nl\/es\/wp-json\/wp\/v2\/pages\/9284\/revisions\/10075"}],"wp:attachment":[{"href":"https:\/\/careers.awl.nl\/es\/wp-json\/wp\/v2\/media?parent=9284"}],"curies":[{"name":"wp","href":"https:\/\/api.w.org\/{rel}","templated":true}]}}